{"id":71,"date":"2021-08-13T17:23:35","date_gmt":"2021-08-13T15:23:35","guid":{"rendered":"https:\/\/salledelatournerie.fr\/?page_id=71"},"modified":"2021-10-07T20:22:08","modified_gmt":"2021-10-07T18:22:08","slug":"nous-contacter","status":"publish","type":"page","link":"https:\/\/salledelatournerie.fr\/?page_id=71","title":{"rendered":"Nous contacter"},"content":{"rendered":"\n<div class=\"wp-block-media-text alignwide is-stacked-on-mobile\"><figure class=\"wp-block-media-text__media\"><img loading=\"lazy\" decoding=\"async\" width=\"1024\" height=\"683\" src=\"https:\/\/salledelatournerie.fr\/wp-content\/uploads\/2021\/05\/DSC_4072-1024x683.jpg\" alt=\"\" class=\"wp-image-5 size-full\" srcset=\"https:\/\/salledelatournerie.fr\/wp-content\/uploads\/2021\/05\/DSC_4072-1024x683.jpg 1024w, https:\/\/salledelatournerie.fr\/wp-content\/uploads\/2021\/05\/DSC_4072-300x200.jpg 300w, https:\/\/salledelatournerie.fr\/wp-content\/uploads\/2021\/05\/DSC_4072-768x512.jpg 768w, https:\/\/salledelatournerie.fr\/wp-content\/uploads\/2021\/05\/DSC_4072-1536x1024.jpg 1536w, https:\/\/salledelatournerie.fr\/wp-content\/uploads\/2021\/05\/DSC_4072-1568x1045.jpg 1568w, https:\/\/salledelatournerie.fr\/wp-content\/uploads\/2021\/05\/DSC_4072.jpg 2048w\" sizes=\"auto, (max-width: 1024px) 100vw, 1024px\" \/><\/figure><div class=\"wp-block-media-text__content\">\n<p><\/p>\n\n\n\n<p class=\"has-text-align-center\">Besoin de nous contacter ? C&rsquo;est simple et rapide via notre adresse \u00e9lectronique, notre t\u00e9l\u00e9phone ou notre page Facebook.<\/p>\n\n\n\n<div class=\"wp-block-group\"><div class=\"wp-block-group__inner-container is-layout-flow wp-block-group-is-layout-flow\"><\/div><\/div>\n\n\n\n<div class=\"wp-block-buttons is-content-justification-center is-layout-flex wp-block-buttons-is-layout-flex\">\n<div class=\"wp-block-button has-custom-font-size is-style-fill has-normal-font-size\"><a class=\"wp-block-button__link\" href=\"mailto:reservation@salledelatournerie.fr\" target=\"_blank\" rel=\"noreferrer noopener\"><i class=\"far fa-envelope\"><\/i> reservation@salledelatournerie.fr<\/a><\/div>\n<\/div>\n\n\n\n<div class=\"wp-block-buttons is-content-justification-center is-layout-flex wp-block-buttons-is-layout-flex\">\n<div class=\"wp-block-button has-custom-font-size is-style-outline has-normal-font-size is-style-outline--1\"><a class=\"wp-block-button__link\" href=\"tel:+33695334344\"><i class=\"fas fa-phone\"><\/i> 06 95 33 43 44<\/a><\/div>\n<\/div>\n\n\n\n<div class=\"wp-block-buttons is-content-justification-center is-layout-flex wp-block-buttons-is-layout-flex\">\n<div class=\"wp-block-button has-custom-font-size has-normal-font-size\"><a class=\"wp-block-button__link\" href=\"https:\/\/www.facebook.com\/daviddrumelsalledelatournerie\" target=\"_blank\" rel=\"ffdfd noopener\"><i class=\"fab fa-facebook-square\"><\/i> Facebook<\/a><\/div>\n<\/div>\n\n\n\n<div class=\"wp-block-buttons is-layout-flex wp-block-buttons-is-layout-flex\"><\/div>\n<\/div><\/div>\n\n\n\n<p><\/p>\n","protected":false},"excerpt":{"rendered":"","protected":false},"author":1,"featured_media":0,"parent":0,"menu_order":0,"comment_status":"closed","ping_status":"closed","template":"","meta":{"ngg_post_thumbnail":0,"footnotes":""},"class_list":["post-71","page","type-page","status-publish","czr-hentry"],"yoast_head":"<!-- This site is optimized with the Yoast SEO plugin v22.6 - https:\/\/yoast.com\/wordpress\/plugins\/seo\/ -->\n<title>Nous contacter - Salle de la Tournerie<\/title>\n<meta name=\"robots\" content=\"index, follow, max-snippet:-1, max-image-preview:large, max-video-preview:-1\" \/>\n<link rel=\"canonical\" href=\"https:\/\/salledelatournerie.fr\/?page_id=71\" \/>\n<script type=\"application\/ld+json\" class=\"yoast-schema-graph\">{\"@context\":\"https:\/\/schema.org\",\"@graph\":[{\"@type\":\"WebPage\",\"@id\":\"https:\/\/salledelatournerie.fr\/?page_id=71\",\"url\":\"https:\/\/salledelatournerie.fr\/?page_id=71\",\"name\":\"Nous contacter - Salle de la Tournerie\",\"isPartOf\":{\"@id\":\"https:\/\/salledelatournerie.fr\/#website\"},\"primaryImageOfPage\":{\"@id\":\"https:\/\/salledelatournerie.fr\/?page_id=71#primaryimage\"},\"image\":{\"@id\":\"https:\/\/salledelatournerie.fr\/?page_id=71#primaryimage\"},\"thumbnailUrl\":\"https:\/\/salledelatournerie.fr\/wp-content\/uploads\/2021\/05\/DSC_4072-1024x683.jpg\",\"datePublished\":\"2021-08-13T15:23:35+00:00\",\"dateModified\":\"2021-10-07T18:22:08+00:00\",\"breadcrumb\":{\"@id\":\"https:\/\/salledelatournerie.fr\/?page_id=71#breadcrumb\"},\"inLanguage\":\"fr-FR\",\"potentialAction\":[{\"@type\":\"ReadAction\",\"target\":[\"https:\/\/salledelatournerie.fr\/?page_id=71\"]}]},{\"@type\":\"ImageObject\",\"inLanguage\":\"fr-FR\",\"@id\":\"https:\/\/salledelatournerie.fr\/?page_id=71#primaryimage\",\"url\":\"https:\/\/salledelatournerie.fr\/wp-content\/uploads\/2021\/05\/DSC_4072.jpg\",\"contentUrl\":\"https:\/\/salledelatournerie.fr\/wp-content\/uploads\/2021\/05\/DSC_4072.jpg\",\"width\":2048,\"height\":1365},{\"@type\":\"BreadcrumbList\",\"@id\":\"https:\/\/salledelatournerie.fr\/?page_id=71#breadcrumb\",\"itemListElement\":[{\"@type\":\"ListItem\",\"position\":1,\"name\":\"Accueil\",\"item\":\"https:\/\/salledelatournerie.fr\/\"},{\"@type\":\"ListItem\",\"position\":2,\"name\":\"Nous contacter\"}]},{\"@type\":\"WebSite\",\"@id\":\"https:\/\/salledelatournerie.fr\/#website\",\"url\":\"https:\/\/salledelatournerie.fr\/\",\"name\":\"Salle de la Tournerie\",\"description\":\"\",\"potentialAction\":[{\"@type\":\"SearchAction\",\"target\":{\"@type\":\"EntryPoint\",\"urlTemplate\":\"https:\/\/salledelatournerie.fr\/?s={search_term_string}\"},\"query-input\":\"required name=search_term_string\"}],\"inLanguage\":\"fr-FR\"}]}<\/script>\n<!-- \/ Yoast SEO plugin. -->","yoast_head_json":{"title":"Nous contacter - Salle de la Tournerie","robots":{"index":"index","follow":"follow","max-snippet":"max-snippet:-1","max-image-preview":"max-image-preview:large","max-video-preview":"max-video-preview:-1"},"canonical":"https:\/\/salledelatournerie.fr\/?page_id=71","schema":{"@context":"https:\/\/schema.org","@graph":[{"@type":"WebPage","@id":"https:\/\/salledelatournerie.fr\/?page_id=71","url":"https:\/\/salledelatournerie.fr\/?page_id=71","name":"Nous contacter - Salle de la Tournerie","isPartOf":{"@id":"https:\/\/salledelatournerie.fr\/#website"},"primaryImageOfPage":{"@id":"https:\/\/salledelatournerie.fr\/?page_id=71#primaryimage"},"image":{"@id":"https:\/\/salledelatournerie.fr\/?page_id=71#primaryimage"},"thumbnailUrl":"https:\/\/salledelatournerie.fr\/wp-content\/uploads\/2021\/05\/DSC_4072-1024x683.jpg","datePublished":"2021-08-13T15:23:35+00:00","dateModified":"2021-10-07T18:22:08+00:00","breadcrumb":{"@id":"https:\/\/salledelatournerie.fr\/?page_id=71#breadcrumb"},"inLanguage":"fr-FR","potentialAction":[{"@type":"ReadAction","target":["https:\/\/salledelatournerie.fr\/?page_id=71"]}]},{"@type":"ImageObject","inLanguage":"fr-FR","@id":"https:\/\/salledelatournerie.fr\/?page_id=71#primaryimage","url":"https:\/\/salledelatournerie.fr\/wp-content\/uploads\/2021\/05\/DSC_4072.jpg","contentUrl":"https:\/\/salledelatournerie.fr\/wp-content\/uploads\/2021\/05\/DSC_4072.jpg","width":2048,"height":1365},{"@type":"BreadcrumbList","@id":"https:\/\/salledelatournerie.fr\/?page_id=71#breadcrumb","itemListElement":[{"@type":"ListItem","position":1,"name":"Accueil","item":"https:\/\/salledelatournerie.fr\/"},{"@type":"ListItem","position":2,"name":"Nous contacter"}]},{"@type":"WebSite","@id":"https:\/\/salledelatournerie.fr\/#website","url":"https:\/\/salledelatournerie.fr\/","name":"Salle de la Tournerie","description":"","potentialAction":[{"@type":"SearchAction","target":{"@type":"EntryPoint","urlTemplate":"https:\/\/salledelatournerie.fr\/?s={search_term_string}"},"query-input":"required name=search_term_string"}],"inLanguage":"fr-FR"}]}},"_links":{"self":[{"href":"https:\/\/salledelatournerie.fr\/index.php?rest_route=\/wp\/v2\/pages\/71","targetHints":{"allow":["GET"]}}],"collection":[{"href":"https:\/\/salledelatournerie.fr\/index.php?rest_route=\/wp\/v2\/pages"}],"about":[{"href":"https:\/\/salledelatournerie.fr\/index.php?rest_route=\/wp\/v2\/types\/page"}],"author":[{"embeddable":true,"href":"https:\/\/salledelatournerie.fr\/index.php?rest_route=\/wp\/v2\/users\/1"}],"replies":[{"embeddable":true,"href":"https:\/\/salledelatournerie.fr\/index.php?rest_route=%2Fwp%2Fv2%2Fcomments&post=71"}],"version-history":[{"count":32,"href":"https:\/\/salledelatournerie.fr\/index.php?rest_route=\/wp\/v2\/pages\/71\/revisions"}],"predecessor-version":[{"id":178,"href":"https:\/\/salledelatournerie.fr\/index.php?rest_route=\/wp\/v2\/pages\/71\/revisions\/178"}],"wp:attachment":[{"href":"https:\/\/salledelatournerie.fr\/index.php?rest_route=%2Fwp%2Fv2%2Fmedia&parent=71"}],"curies":[{"name":"wp","href":"https:\/\/api.w.org\/{rel}","templated":true}]}}