{"id":57,"date":"2021-08-13T17:01:22","date_gmt":"2021-08-13T15:01:22","guid":{"rendered":"https:\/\/salledelatournerie.fr\/?page_id=57"},"modified":"2022-02-04T17:27:46","modified_gmt":"2022-02-04T16:27:46","slug":"accueil","status":"publish","type":"page","link":"https:\/\/salledelatournerie.fr\/","title":{"rendered":"Accueil"},"content":{"rendered":"\n<div class=\"wp-block-columns is-layout-flex wp-container-core-columns-is-layout-9d6595d7 wp-block-columns-is-layout-flex\">\n<div class=\"wp-block-column is-layout-flow wp-block-column-is-layout-flow\" style=\"flex-basis:100%\">\n<div class=\"wp-block-group\"><div class=\"wp-block-group__inner-container is-layout-flow wp-block-group-is-layout-flow\">\n<figure class=\"wp-block-gallery has-nested-images columns-default is-cropped wp-block-gallery-1 is-layout-flex wp-block-gallery-is-layout-flex\">\n<figure class=\"wp-block-image size-large\"><img loading=\"lazy\" decoding=\"async\" width=\"1024\" height=\"683\" data-id=\"5\" src=\"https:\/\/salledelatournerie.fr\/wp-content\/uploads\/2021\/05\/DSC_4072-1024x683.jpg\" alt=\"\" class=\"wp-image-5\" srcset=\"https:\/\/salledelatournerie.fr\/wp-content\/uploads\/2021\/05\/DSC_4072-1024x683.jpg 1024w, https:\/\/salledelatournerie.fr\/wp-content\/uploads\/2021\/05\/DSC_4072-300x200.jpg 300w, https:\/\/salledelatournerie.fr\/wp-content\/uploads\/2021\/05\/DSC_4072-768x512.jpg 768w, https:\/\/salledelatournerie.fr\/wp-content\/uploads\/2021\/05\/DSC_4072-1536x1024.jpg 1536w, https:\/\/salledelatournerie.fr\/wp-content\/uploads\/2021\/05\/DSC_4072-1568x1045.jpg 1568w, https:\/\/salledelatournerie.fr\/wp-content\/uploads\/2021\/05\/DSC_4072.jpg 2048w\" sizes=\"auto, (max-width: 1024px) 100vw, 1024px\" \/><\/figure>\n\n\n\n<figure class=\"wp-block-image size-large\"><img loading=\"lazy\" decoding=\"async\" width=\"1024\" height=\"683\" data-id=\"15\" src=\"https:\/\/salledelatournerie.fr\/wp-content\/uploads\/2021\/05\/DSC_4112-1024x683.jpg\" alt=\"\" class=\"wp-image-15\" srcset=\"https:\/\/salledelatournerie.fr\/wp-content\/uploads\/2021\/05\/DSC_4112-1024x683.jpg 1024w, https:\/\/salledelatournerie.fr\/wp-content\/uploads\/2021\/05\/DSC_4112-300x200.jpg 300w, https:\/\/salledelatournerie.fr\/wp-content\/uploads\/2021\/05\/DSC_4112-768x512.jpg 768w, https:\/\/salledelatournerie.fr\/wp-content\/uploads\/2021\/05\/DSC_4112-1536x1024.jpg 1536w, https:\/\/salledelatournerie.fr\/wp-content\/uploads\/2021\/05\/DSC_4112-1568x1045.jpg 1568w, https:\/\/salledelatournerie.fr\/wp-content\/uploads\/2021\/05\/DSC_4112.jpg 2048w\" sizes=\"auto, (max-width: 1024px) 100vw, 1024px\" \/><\/figure>\n\n\n\n<figure class=\"wp-block-image size-large\"><img loading=\"lazy\" decoding=\"async\" width=\"1024\" height=\"683\" data-id=\"7\" src=\"https:\/\/salledelatournerie.fr\/wp-content\/uploads\/2021\/05\/DSC_4074-1024x683.jpg\" alt=\"\" class=\"wp-image-7\" srcset=\"https:\/\/salledelatournerie.fr\/wp-content\/uploads\/2021\/05\/DSC_4074-1024x683.jpg 1024w, https:\/\/salledelatournerie.fr\/wp-content\/uploads\/2021\/05\/DSC_4074-300x200.jpg 300w, https:\/\/salledelatournerie.fr\/wp-content\/uploads\/2021\/05\/DSC_4074-768x512.jpg 768w, https:\/\/salledelatournerie.fr\/wp-content\/uploads\/2021\/05\/DSC_4074-1536x1024.jpg 1536w, https:\/\/salledelatournerie.fr\/wp-content\/uploads\/2021\/05\/DSC_4074-1568x1045.jpg 1568w, https:\/\/salledelatournerie.fr\/wp-content\/uploads\/2021\/05\/DSC_4074.jpg 2048w\" sizes=\"auto, (max-width: 1024px) 100vw, 1024px\" \/><\/figure>\n\n\n\n<figure class=\"wp-block-image size-large\"><img loading=\"lazy\" decoding=\"async\" width=\"1024\" height=\"683\" data-id=\"6\" src=\"https:\/\/salledelatournerie.fr\/wp-content\/uploads\/2021\/05\/DSC_4073-1024x683.jpg\" alt=\"\" class=\"wp-image-6\" srcset=\"https:\/\/salledelatournerie.fr\/wp-content\/uploads\/2021\/05\/DSC_4073-1024x683.jpg 1024w, https:\/\/salledelatournerie.fr\/wp-content\/uploads\/2021\/05\/DSC_4073-300x200.jpg 300w, https:\/\/salledelatournerie.fr\/wp-content\/uploads\/2021\/05\/DSC_4073-768x512.jpg 768w, https:\/\/salledelatournerie.fr\/wp-content\/uploads\/2021\/05\/DSC_4073-1536x1024.jpg 1536w, https:\/\/salledelatournerie.fr\/wp-content\/uploads\/2021\/05\/DSC_4073-1568x1045.jpg 1568w, https:\/\/salledelatournerie.fr\/wp-content\/uploads\/2021\/05\/DSC_4073.jpg 2048w\" sizes=\"auto, (max-width: 1024px) 100vw, 1024px\" \/><\/figure>\n<\/figure>\n<\/div><\/div>\n<\/div>\n<\/div>\n","protected":false},"excerpt":{"rendered":"","protected":false},"author":1,"featured_media":0,"parent":0,"menu_order":0,"comment_status":"closed","ping_status":"closed","template":"","meta":{"ngg_post_thumbnail":0,"footnotes":""},"class_list":["post-57","page","type-page","status-publish","czr-hentry"],"yoast_head":"<!-- This site is optimized with the Yoast SEO plugin v22.6 - https:\/\/yoast.com\/wordpress\/plugins\/seo\/ -->\n<title>Salle de la Tournerie<\/title>\n<meta name=\"description\" content=\"Vous recherchez une salle pour une r\u00e9ception, un mariage, un anniversaire ? La salle de la Tournerie est \u00e0 30 minutes de Nantes, \u00e0 10 minutes d\u2019Ancenis et \u00e0 20 minutes de Vallet et Beaupr\u00e9au.\" \/>\n<meta name=\"robots\" content=\"index, follow, max-snippet:-1, max-image-preview:large, max-video-preview:-1\" \/>\n<link rel=\"canonical\" href=\"https:\/\/salledelatournerie.fr\/\" \/>\n<meta name=\"twitter:label1\" content=\"Dur\u00e9e de lecture estim\u00e9e\" \/>\n\t<meta name=\"twitter:data1\" content=\"1 minute\" \/>\n<script type=\"application\/ld+json\" class=\"yoast-schema-graph\">{\"@context\":\"https:\/\/schema.org\",\"@graph\":[{\"@type\":\"WebPage\",\"@id\":\"https:\/\/salledelatournerie.fr\/\",\"url\":\"https:\/\/salledelatournerie.fr\/\",\"name\":\"Salle de la Tournerie\",\"isPartOf\":{\"@id\":\"https:\/\/salledelatournerie.fr\/#website\"},\"primaryImageOfPage\":{\"@id\":\"https:\/\/salledelatournerie.fr\/#primaryimage\"},\"image\":{\"@id\":\"https:\/\/salledelatournerie.fr\/#primaryimage\"},\"thumbnailUrl\":\"https:\/\/salledelatournerie.fr\/wp-content\/uploads\/2021\/05\/DSC_4072-1024x683.jpg\",\"datePublished\":\"2021-08-13T15:01:22+00:00\",\"dateModified\":\"2022-02-04T16:27:46+00:00\",\"description\":\"Vous recherchez une salle pour une r\u00e9ception, un mariage, un anniversaire ? La salle de la Tournerie est \u00e0 30 minutes de Nantes, \u00e0 10 minutes d\u2019Ancenis et \u00e0 20 minutes de Vallet et Beaupr\u00e9au.\",\"breadcrumb\":{\"@id\":\"https:\/\/salledelatournerie.fr\/#breadcrumb\"},\"inLanguage\":\"fr-FR\",\"potentialAction\":[{\"@type\":\"ReadAction\",\"target\":[\"https:\/\/salledelatournerie.fr\/\"]}]},{\"@type\":\"ImageObject\",\"inLanguage\":\"fr-FR\",\"@id\":\"https:\/\/salledelatournerie.fr\/#primaryimage\",\"url\":\"https:\/\/salledelatournerie.fr\/wp-content\/uploads\/2021\/05\/DSC_4072.jpg\",\"contentUrl\":\"https:\/\/salledelatournerie.fr\/wp-content\/uploads\/2021\/05\/DSC_4072.jpg\",\"width\":2048,\"height\":1365},{\"@type\":\"BreadcrumbList\",\"@id\":\"https:\/\/salledelatournerie.fr\/#breadcrumb\",\"itemListElement\":[{\"@type\":\"ListItem\",\"position\":1,\"name\":\"Accueil\",\"item\":\"https:\/\/salledelatournerie.fr\/\"},{\"@type\":\"ListItem\",\"position\":2,\"name\":\"Accueil\"}]},{\"@type\":\"WebSite\",\"@id\":\"https:\/\/salledelatournerie.fr\/#website\",\"url\":\"https:\/\/salledelatournerie.fr\/\",\"name\":\"Salle de la Tournerie\",\"description\":\"\",\"potentialAction\":[{\"@type\":\"SearchAction\",\"target\":{\"@type\":\"EntryPoint\",\"urlTemplate\":\"https:\/\/salledelatournerie.fr\/?s={search_term_string}\"},\"query-input\":\"required name=search_term_string\"}],\"inLanguage\":\"fr-FR\"}]}<\/script>\n<!-- \/ Yoast SEO plugin. -->","yoast_head_json":{"title":"Salle de la Tournerie","description":"Vous recherchez une salle pour une r\u00e9ception, un mariage, un anniversaire ? La salle de la Tournerie est \u00e0 30 minutes de Nantes, \u00e0 10 minutes d\u2019Ancenis et \u00e0 20 minutes de Vallet et Beaupr\u00e9au.","robots":{"index":"index","follow":"follow","max-snippet":"max-snippet:-1","max-image-preview":"max-image-preview:large","max-video-preview":"max-video-preview:-1"},"canonical":"https:\/\/salledelatournerie.fr\/","twitter_misc":{"Dur\u00e9e de lecture estim\u00e9e":"1 minute"},"schema":{"@context":"https:\/\/schema.org","@graph":[{"@type":"WebPage","@id":"https:\/\/salledelatournerie.fr\/","url":"https:\/\/salledelatournerie.fr\/","name":"Salle de la Tournerie","isPartOf":{"@id":"https:\/\/salledelatournerie.fr\/#website"},"primaryImageOfPage":{"@id":"https:\/\/salledelatournerie.fr\/#primaryimage"},"image":{"@id":"https:\/\/salledelatournerie.fr\/#primaryimage"},"thumbnailUrl":"https:\/\/salledelatournerie.fr\/wp-content\/uploads\/2021\/05\/DSC_4072-1024x683.jpg","datePublished":"2021-08-13T15:01:22+00:00","dateModified":"2022-02-04T16:27:46+00:00","description":"Vous recherchez une salle pour une r\u00e9ception, un mariage, un anniversaire ? La salle de la Tournerie est \u00e0 30 minutes de Nantes, \u00e0 10 minutes d\u2019Ancenis et \u00e0 20 minutes de Vallet et Beaupr\u00e9au.","breadcrumb":{"@id":"https:\/\/salledelatournerie.fr\/#breadcrumb"},"inLanguage":"fr-FR","potentialAction":[{"@type":"ReadAction","target":["https:\/\/salledelatournerie.fr\/"]}]},{"@type":"ImageObject","inLanguage":"fr-FR","@id":"https:\/\/salledelatournerie.fr\/#primaryimage","url":"https:\/\/salledelatournerie.fr\/wp-content\/uploads\/2021\/05\/DSC_4072.jpg","contentUrl":"https:\/\/salledelatournerie.fr\/wp-content\/uploads\/2021\/05\/DSC_4072.jpg","width":2048,"height":1365},{"@type":"BreadcrumbList","@id":"https:\/\/salledelatournerie.fr\/#breadcrumb","itemListElement":[{"@type":"ListItem","position":1,"name":"Accueil","item":"https:\/\/salledelatournerie.fr\/"},{"@type":"ListItem","position":2,"name":"Accueil"}]},{"@type":"WebSite","@id":"https:\/\/salledelatournerie.fr\/#website","url":"https:\/\/salledelatournerie.fr\/","name":"Salle de la Tournerie","description":"","potentialAction":[{"@type":"SearchAction","target":{"@type":"EntryPoint","urlTemplate":"https:\/\/salledelatournerie.fr\/?s={search_term_string}"},"query-input":"required name=search_term_string"}],"inLanguage":"fr-FR"}]}},"_links":{"self":[{"href":"https:\/\/salledelatournerie.fr\/index.php?rest_route=\/wp\/v2\/pages\/57","targetHints":{"allow":["GET"]}}],"collection":[{"href":"https:\/\/salledelatournerie.fr\/index.php?rest_route=\/wp\/v2\/pages"}],"about":[{"href":"https:\/\/salledelatournerie.fr\/index.php?rest_route=\/wp\/v2\/types\/page"}],"author":[{"embeddable":true,"href":"https:\/\/salledelatournerie.fr\/index.php?rest_route=\/wp\/v2\/users\/1"}],"replies":[{"embeddable":true,"href":"https:\/\/salledelatournerie.fr\/index.php?rest_route=%2Fwp%2Fv2%2Fcomments&post=57"}],"version-history":[{"count":4,"href":"https:\/\/salledelatournerie.fr\/index.php?rest_route=\/wp\/v2\/pages\/57\/revisions"}],"predecessor-version":[{"id":188,"href":"https:\/\/salledelatournerie.fr\/index.php?rest_route=\/wp\/v2\/pages\/57\/revisions\/188"}],"wp:attachment":[{"href":"https:\/\/salledelatournerie.fr\/index.php?rest_route=%2Fwp%2Fv2%2Fmedia&parent=57"}],"curies":[{"name":"wp","href":"https:\/\/api.w.org\/{rel}","templated":true}]}}