{"id":145,"date":"2021-11-04T21:36:11","date_gmt":"2021-11-04T20:36:11","guid":{"rendered":"https:\/\/salledelatournerie.fr\/?page_id=145"},"modified":"2023-12-30T12:14:03","modified_gmt":"2023-12-30T11:14:03","slug":"nos-tarifs","status":"publish","type":"page","link":"https:\/\/salledelatournerie.fr\/?page_id=145","title":{"rendered":"Nos tarifs"},"content":{"rendered":"\n<h2 class=\"wp-block-heading\">La location<\/h2>\n\n\n\n<figure class=\"wp-block-table\"><table><tbody><tr><td>Une demi journ\u00e9e de 8:00 \u00e0 12:00 ou de 14:00 \u00e0 18:00<\/td><td>200\u20ac<\/td><\/tr><tr><td>Une demi journ\u00e9e de 14:00 \u00e0 tard dans la nuit<\/td><td>440\u20ac<\/td><\/tr><tr><td>Une soir\u00e9e de 18:00 \u00e0 tard dans la nuit<\/td><td>390\u20ac<\/td><\/tr><tr><td>Une journ\u00e9e de 9:00 \u00e0 tard dans la nuit<\/td><td>490\u20ac<\/td><\/tr><tr><td>De 9:00 \u00e0 12:00 pour le m\u00e9nage le lendemain de l&rsquo;\u00e9v\u00e8nement<\/td><td>70\u20ac<\/td><\/tr><tr><td>Un weekend du samedi 9:00 au dimanche soir 20:00<\/td><td>690\u20ac<\/td><\/tr><tr><td>Un weekend du vendredi 9:00 au dimanche soir 20:00<\/td><td>790\u20ac<\/td><\/tr><tr><td>Un weekend de 4 jours<\/td><td>890\u20ac<\/td><\/tr><\/tbody><\/table><\/figure>\n\n\n\n<h2 class=\"wp-block-heading\">Les services possibles<\/h2>\n\n\n\n<figure class=\"wp-block-table\"><table><tbody><tr><td>Tireuse (cidre \/ bi\u00e8re) + Gobelets<\/td><td>Gratuit, voir conditions avec David ou sur <a href=\"https:\/\/salledelatournerie.fr\/wp-content\/uploads\/2023\/05\/tarif-tournerie-biere-cidre.pdf\" target=\"_blank\" rel=\"noreferrer noopener nofollow\">ce document<\/a><\/td><\/tr><tr><td>M\u00e9nage<\/td><td>100\u20ac<\/td><\/tr><tr><td>Poubelles<\/td><td>25\u20ac <\/td><\/tr><tr><td>Wi-Fi<\/td><td>5\u20ac pour 10 Go, 1\u20ac s&rsquo;il y a d\u00e9passement<\/td><\/tr><\/tbody><\/table><\/figure>\n","protected":false},"excerpt":{"rendered":"<p>La location Une demi journ\u00e9e de 8:00 \u00e0 12:00 ou de 14:00 \u00e0 18:00 200\u20ac Une demi journ\u00e9e de 14:00 \u00e0 tard dans la nuit 440\u20ac Une soir\u00e9e de 18:00 \u00e0 tard dans la nuit 390\u20ac Une journ\u00e9e de 9:00 \u00e0 tard dans la nuit 490\u20ac De 9:00 \u00e0 12:00 pour le m\u00e9nage le lendemain [&hellip;]<\/p>\n","protected":false},"author":1,"featured_media":0,"parent":0,"menu_order":0,"comment_status":"closed","ping_status":"closed","template":"","meta":{"ngg_post_thumbnail":0,"footnotes":""},"class_list":["post-145","page","type-page","status-publish","czr-hentry"],"yoast_head":"<!-- This site is optimized with the Yoast SEO plugin v22.6 - https:\/\/yoast.com\/wordpress\/plugins\/seo\/ -->\n<title>Nos tarifs - Salle de la Tournerie<\/title>\n<meta name=\"robots\" content=\"index, follow, max-snippet:-1, max-image-preview:large, max-video-preview:-1\" \/>\n<link rel=\"canonical\" href=\"https:\/\/salledelatournerie.fr\/?page_id=145\" \/>\n<script type=\"application\/ld+json\" class=\"yoast-schema-graph\">{\"@context\":\"https:\/\/schema.org\",\"@graph\":[{\"@type\":\"WebPage\",\"@id\":\"https:\/\/salledelatournerie.fr\/?page_id=145\",\"url\":\"https:\/\/salledelatournerie.fr\/?page_id=145\",\"name\":\"Nos tarifs - Salle de la Tournerie\",\"isPartOf\":{\"@id\":\"https:\/\/salledelatournerie.fr\/#website\"},\"datePublished\":\"2021-11-04T20:36:11+00:00\",\"dateModified\":\"2023-12-30T11:14:03+00:00\",\"breadcrumb\":{\"@id\":\"https:\/\/salledelatournerie.fr\/?page_id=145#breadcrumb\"},\"inLanguage\":\"fr-FR\",\"potentialAction\":[{\"@type\":\"ReadAction\",\"target\":[\"https:\/\/salledelatournerie.fr\/?page_id=145\"]}]},{\"@type\":\"BreadcrumbList\",\"@id\":\"https:\/\/salledelatournerie.fr\/?page_id=145#breadcrumb\",\"itemListElement\":[{\"@type\":\"ListItem\",\"position\":1,\"name\":\"Accueil\",\"item\":\"https:\/\/salledelatournerie.fr\/\"},{\"@type\":\"ListItem\",\"position\":2,\"name\":\"Nos tarifs\"}]},{\"@type\":\"WebSite\",\"@id\":\"https:\/\/salledelatournerie.fr\/#website\",\"url\":\"https:\/\/salledelatournerie.fr\/\",\"name\":\"Salle de la Tournerie\",\"description\":\"\",\"potentialAction\":[{\"@type\":\"SearchAction\",\"target\":{\"@type\":\"EntryPoint\",\"urlTemplate\":\"https:\/\/salledelatournerie.fr\/?s={search_term_string}\"},\"query-input\":\"required name=search_term_string\"}],\"inLanguage\":\"fr-FR\"}]}<\/script>\n<!-- \/ Yoast SEO plugin. -->","yoast_head_json":{"title":"Nos tarifs - Salle de la Tournerie","robots":{"index":"index","follow":"follow","max-snippet":"max-snippet:-1","max-image-preview":"max-image-preview:large","max-video-preview":"max-video-preview:-1"},"canonical":"https:\/\/salledelatournerie.fr\/?page_id=145","schema":{"@context":"https:\/\/schema.org","@graph":[{"@type":"WebPage","@id":"https:\/\/salledelatournerie.fr\/?page_id=145","url":"https:\/\/salledelatournerie.fr\/?page_id=145","name":"Nos tarifs - Salle de la Tournerie","isPartOf":{"@id":"https:\/\/salledelatournerie.fr\/#website"},"datePublished":"2021-11-04T20:36:11+00:00","dateModified":"2023-12-30T11:14:03+00:00","breadcrumb":{"@id":"https:\/\/salledelatournerie.fr\/?page_id=145#breadcrumb"},"inLanguage":"fr-FR","potentialAction":[{"@type":"ReadAction","target":["https:\/\/salledelatournerie.fr\/?page_id=145"]}]},{"@type":"BreadcrumbList","@id":"https:\/\/salledelatournerie.fr\/?page_id=145#breadcrumb","itemListElement":[{"@type":"ListItem","position":1,"name":"Accueil","item":"https:\/\/salledelatournerie.fr\/"},{"@type":"ListItem","position":2,"name":"Nos tarifs"}]},{"@type":"WebSite","@id":"https:\/\/salledelatournerie.fr\/#website","url":"https:\/\/salledelatournerie.fr\/","name":"Salle de la Tournerie","description":"","potentialAction":[{"@type":"SearchAction","target":{"@type":"EntryPoint","urlTemplate":"https:\/\/salledelatournerie.fr\/?s={search_term_string}"},"query-input":"required name=search_term_string"}],"inLanguage":"fr-FR"}]}},"_links":{"self":[{"href":"https:\/\/salledelatournerie.fr\/index.php?rest_route=\/wp\/v2\/pages\/145","targetHints":{"allow":["GET"]}}],"collection":[{"href":"https:\/\/salledelatournerie.fr\/index.php?rest_route=\/wp\/v2\/pages"}],"about":[{"href":"https:\/\/salledelatournerie.fr\/index.php?rest_route=\/wp\/v2\/types\/page"}],"author":[{"embeddable":true,"href":"https:\/\/salledelatournerie.fr\/index.php?rest_route=\/wp\/v2\/users\/1"}],"replies":[{"embeddable":true,"href":"https:\/\/salledelatournerie.fr\/index.php?rest_route=%2Fwp%2Fv2%2Fcomments&post=145"}],"version-history":[{"count":9,"href":"https:\/\/salledelatournerie.fr\/index.php?rest_route=\/wp\/v2\/pages\/145\/revisions"}],"predecessor-version":[{"id":199,"href":"https:\/\/salledelatournerie.fr\/index.php?rest_route=\/wp\/v2\/pages\/145\/revisions\/199"}],"wp:attachment":[{"href":"https:\/\/salledelatournerie.fr\/index.php?rest_route=%2Fwp%2Fv2%2Fmedia&parent=145"}],"curies":[{"name":"wp","href":"https:\/\/api.w.org\/{rel}","templated":true}]}}